{"id":453,"date":"2024-06-21T09:37:57","date_gmt":"2024-06-21T12:37:57","guid":{"rendered":"https:\/\/redenacionalfjac.org.br\/?page_id=453"},"modified":"2024-08-01T11:26:01","modified_gmt":"2024-08-01T14:26:01","slug":"fale-conosco","status":"publish","type":"page","link":"https:\/\/redenacionalfjac.org.br\/?page_id=453","title":{"rendered":"Fale Conosco"},"content":{"rendered":"\n<div class=\"wp-block-uagb-container uagb-block-9c987810 alignfull uagb-is-root-container\"><div class=\"uagb-container-inner-blocks-wrap\">\n<div class=\"wp-block-uagb-container uagb-block-93chaycv alignfull uagb-is-root-container\"><div class=\"uagb-container-inner-blocks-wrap\">\n<div class=\"wp-block-uagb-container uagb-block-5u1a6ta7\">\n<div class=\"wp-block-uagb-info-box uagb-block-ubfkhegc uagb-infobox__content-wrap  uagb-infobox-icon-above-title uagb-infobox-image-valign-top\"><div class=\"uagb-ifb-content\"><div class=\"uagb-ifb-title-wrap\"><h2 class=\"uagb-ifb-title\">Fale Conosco<\/h2><\/div><p class=\"uagb-ifb-desc\"><font style=\"vertical-align: inherit;\"><font style=\"vertical-align: inherit;\"><font style=\"vertical-align: inherit;\"><font style=\"vertical-align: inherit;\">Veja como voc\u00ea pode entrar em contato com a Secretaria Executiva da REDE (Instituto Terrazul) .<\/font><\/font><\/font><\/font><\/p><\/div><\/div>\n\n\n\n<div class=\"wp-block-uagb-info-box uagb-block-ediefcrw uagb-infobox__content-wrap  uagb-infobox-icon-left-title uagb-infobox-left uagb-infobox-image-valign-top\"><div class=\"uagb-ifb-content\"><div class=\"uagb-ifb-left-title-image\"><div class=\"uagb-ifb-icon-wrap\"><svg xmlns=\"https:\/\/www.w3.org\/2000\/svg\" viewBox=\"0 0 384 512\"><path d=\"M168.3 499.2C116.1 435 0 279.4 0 192C0 85.96 85.96 0 192 0C298 0 384 85.96 384 192C384 279.4 267 435 215.7 499.2C203.4 514.5 180.6 514.5 168.3 499.2H168.3zM192 256C227.3 256 256 227.3 256 192C256 156.7 227.3 128 192 128C156.7 128 128 156.7 128 192C128 227.3 156.7 256 192 256z\"><\/path><\/svg><\/div><div class=\"uagb-ifb-title-wrap\"><p class=\"uagb-ifb-title\">Ilha da Gig\u00f3ia, Barra da Tijuca \u2013 Rio de Janeiro \u2013 RJ \u2013 Brasil<\/p><\/div><\/div><\/div><\/div>\n\n\n\n<div class=\"wp-block-uagb-info-box uagb-block-jxetdrw8 uagb-infobox__content-wrap  uagb-infobox-icon-left-title uagb-infobox-left uagb-infobox-image-valign-top\"><div class=\"uagb-ifb-content\"><div class=\"uagb-ifb-left-title-image\"><div class=\"uagb-ifb-icon-wrap\"><svg xmlns=\"https:\/\/www.w3.org\/2000\/svg\" viewBox=\"0 0 512 512\"><path d=\"M464 64C490.5 64 512 85.49 512 112C512 127.1 504.9 141.3 492.8 150.4L275.2 313.6C263.8 322.1 248.2 322.1 236.8 313.6L19.2 150.4C7.113 141.3 0 127.1 0 112C0 85.49 21.49 64 48 64H464zM217.6 339.2C240.4 356.3 271.6 356.3 294.4 339.2L512 176V384C512 419.3 483.3 448 448 448H64C28.65 448 0 419.3 0 384V176L217.6 339.2z\"><\/path><\/svg><\/div><div class=\"uagb-ifb-title-wrap\"><p class=\"uagb-ifb-title\">redefjac@gmail.com<\/p><\/div><\/div><\/div><\/div>\n\n\n\t\t\t<div \n\t\t\tclass=\"wp-block-uagb-google-map uagb-google-map__wrap uagb-block-hfyoqeco     \"\n\t\t\tstyle=\"\" >\n\t\t\t\t<embed\n\t\t\t\t\tclass=\"uagb-google-map__iframe\"\n\t\t\t\t\ttitle=\"Google Map for \"\n\t\t\t\t\tsrc=\"https:\/\/maps.google.com\/maps?q=Instituto%20Terrazul&#038;z=17&#038;hl=pt&#038;t=m&#038;output=embed&#038;iwloc=near\"\n\t\t\t\t\twidth=\"640\"\n\t\t\t\t\theight=\"400\"\n\t\t\t\t\tloading=\"lazy\"\n\t\t\t\t><\/embed>\n\t\t\t<\/div>\n\t\t\t<\/div>\n\n\n\n<div class=\"wp-block-uagb-container uagb-block-ezlrtlce\">\n<div class=\"wp-block-uagb-info-box uagb-block-1ckqowuc uagb-infobox__content-wrap  uagb-infobox-icon-above-title uagb-infobox-image-valign-top\"><div class=\"uagb-ifb-content\"><div class=\"uagb-ifb-title-wrap\"><h3 class=\"uagb-ifb-title\">En<font style=\"vertical-align: inherit;\"><font style=\"vertical-align: inherit;\">vie-nos uma mensagem<\/font><\/font><\/h3><\/div><p class=\"uagb-ifb-desc\"><font style=\"vertical-align: inherit;\"><font style=\"vertical-align: inherit;\"><font style=\"vertical-align: inherit;\"><font style=\"vertical-align: inherit;\">Envie-nos uma mensagem para tirar d\u00favida, dar sua colabora\u00e7\u00e3o ou solicitar inser\u00e7\u00e3o de informa\u00e7\u00f5es de sua entidade no site.<\/font><\/font><\/font><\/font><\/p><\/div><\/div>\n\n\n    <form method=\"post\" action=\"\">\n        <input type=\"hidden\" id=\"formula_nonce\" name=\"formula_nonce\" value=\"3215242581\" \/><input type=\"hidden\" name=\"_wp_http_referer\" value=\"\/index.php?rest_route=%2Fwp%2Fv2%2Fpages%2F453\" \/>        <table class=\"form-table\">\n            <tr>\n                <th>Nome:<\/th>\n                <td><input type=\"text\" name=\"nome\" required><\/td>\n            <\/tr>\n            <tr>\n                <th>Institui\u00e7\u00e3o:<\/th>\n                <td><input type=\"text\" name=\"instituicao\" required><\/td>\n            <\/tr>\n            <tr>\n                <th>Telefone:<\/th>\n                <td><input type=\"text\" name=\"telefone\" required><\/td>\n            <\/tr>\n            <tr>\n                <th>E-mail:<\/th>\n                <td><input type=\"email\" name=\"email\" required><\/td>\n            <\/tr>\n            <tr>\n                <th>Descri\u00e7\u00e3o:<\/th>\n                <td><textarea name=\"descricao\" maxlength=\"350\" placeholder=\"Limite de 380 caracteres\" required><\/textarea><\/td>\n            <\/tr>\n        <\/table>\n        <input type=\"submit\" name=\"submit\" value=\"Enviar\" class=\"button-primary\">\n    <\/form>\n    \n<\/div>\n<\/div><\/div>\n<\/div><\/div>\n","protected":false},"excerpt":{"rendered":"","protected":false},"author":1,"featured_media":0,"parent":0,"menu_order":0,"comment_status":"closed","ping_status":"closed","template":"","meta":{"om_disable_all_campaigns":false,"_uag_custom_page_level_css":"","_monsterinsights_skip_tracking":false,"_monsterinsights_sitenote_active":false,"_monsterinsights_sitenote_note":"","_monsterinsights_sitenote_category":0,"site-sidebar-layout":"default","site-content-layout":"","ast-site-content-layout":"","site-content-style":"default","site-sidebar-style":"default","ast-global-header-display":"","ast-banner-title-visibility":"","ast-main-header-display":"","ast-hfb-above-header-display":"","ast-hfb-below-header-display":"","ast-hfb-mobile-header-display":"","site-post-title":"disabled","ast-breadcrumbs-content":"","ast-featured-img":"","footer-sml-layout":"","theme-transparent-header-meta":"","adv-header-id-meta":"","stick-header-meta":"","header-above-stick-meta":"","header-main-stick-meta":"","header-below-stick-meta":"","astra-migrate-meta-layouts":"default","ast-page-background-enabled":"default","ast-page-background-meta":{"desktop":{"background-color":"var(--ast-global-color-4)","background-image":"","background-repeat":"repeat","background-position":"center center","background-size":"auto","background-attachment":"scroll","background-type":"","background-media":"","overlay-type":"","overlay-color":"","overlay-opacity":"","overlay-gradient":""},"tablet":{"background-color":"","background-image":"","background-repeat":"repeat","background-position":"center center","background-size":"auto","background-attachment":"scroll","background-type":"","background-media":"","overlay-type":"","overlay-color":"","overlay-opacity":"","overlay-gradient":""},"mobile":{"background-color":"","background-image":"","background-repeat":"repeat","background-position":"center center","background-size":"auto","background-attachment":"scroll","background-type":"","background-media":"","overlay-type":"","overlay-color":"","overlay-opacity":"","overlay-gradient":""}},"ast-content-background-meta":{"desktop":{"background-color":"var(--ast-global-color-5)","background-image":"","background-repeat":"repeat","background-position":"center center","background-size":"auto","background-attachment":"scroll","background-type":"","background-media":"","overlay-type":"","overlay-color":"","overlay-opacity":"","overlay-gradient":""},"tablet":{"background-color":"var(--ast-global-color-5)","background-image":"","background-repeat":"repeat","background-position":"center center","background-size":"auto","background-attachment":"scroll","background-type":"","background-media":"","overlay-type":"","overlay-color":"","overlay-opacity":"","overlay-gradient":""},"mobile":{"background-color":"var(--ast-global-color-5)","background-image":"","background-repeat":"repeat","background-position":"center center","background-size":"auto","background-attachment":"scroll","background-type":"","background-media":"","overlay-type":"","overlay-color":"","overlay-opacity":"","overlay-gradient":""}},"footnotes":""},"class_list":["post-453","page","type-page","status-publish","hentry"],"aioseo_notices":[],"uagb_featured_image_src":{"full":false,"thumbnail":false,"medium":false,"medium_large":false,"large":false,"1536x1536":false,"2048x2048":false,"wpt-testimonial-thumbnail-60":false,"wpt-testimonial-thumbnail-80":false,"wpt-testimonial-thumbnail-100":false,"wpt-testimonial-thumbnail-120":false,"wpt-testimonial-thumbnail-140":false,"wpt-testimonial-thumbnail-200":false,"wpt-testimonial-thumbnail-360":false,"wpt-testimonial-thumbnail-390":false,"wpt-testimonial-thumbnail-460":false,"wpt-testimonial-thumbnail-554":false},"uagb_author_info":{"display_name":"admin","author_link":"https:\/\/redenacionalfjac.org.br\/?author=1"},"uagb_comment_info":0,"uagb_excerpt":null,"_links":{"self":[{"href":"https:\/\/redenacionalfjac.org.br\/index.php?rest_route=\/wp\/v2\/pages\/453","targetHints":{"allow":["GET"]}}],"collection":[{"href":"https:\/\/redenacionalfjac.org.br\/index.php?rest_route=\/wp\/v2\/pages"}],"about":[{"href":"https:\/\/redenacionalfjac.org.br\/index.php?rest_route=\/wp\/v2\/types\/page"}],"author":[{"embeddable":true,"href":"https:\/\/redenacionalfjac.org.br\/index.php?rest_route=\/wp\/v2\/users\/1"}],"replies":[{"embeddable":true,"href":"https:\/\/redenacionalfjac.org.br\/index.php?rest_route=%2Fwp%2Fv2%2Fcomments&post=453"}],"version-history":[{"count":3,"href":"https:\/\/redenacionalfjac.org.br\/index.php?rest_route=\/wp\/v2\/pages\/453\/revisions"}],"predecessor-version":[{"id":950,"href":"https:\/\/redenacionalfjac.org.br\/index.php?rest_route=\/wp\/v2\/pages\/453\/revisions\/950"}],"wp:attachment":[{"href":"https:\/\/redenacionalfjac.org.br\/index.php?rest_route=%2Fwp%2Fv2%2Fmedia&parent=453"}],"curies":[{"name":"wp","href":"https:\/\/api.w.org\/{rel}","templated":true}]}}