{"id":451,"date":"2024-06-21T09:37:36","date_gmt":"2024-06-21T12:37:36","guid":{"rendered":"https:\/\/redenacionalfjac.org.br\/?page_id=451"},"modified":"2024-06-24T19:26:54","modified_gmt":"2024-06-24T22:26:54","slug":"galeria","status":"publish","type":"page","link":"https:\/\/redenacionalfjac.org.br\/?page_id=451","title":{"rendered":"Galeria"},"content":{"rendered":"\n<div class=\"wp-block-uagb-container uagb-block-172670f0 alignfull uagb-is-root-container\"><div class=\"uagb-container-inner-blocks-wrap\">\n<div class=\"wp-block-uagb-container uagb-block-8666ece5 alignfull uagb-is-root-container\"><div class=\"uagb-container-inner-blocks-wrap\">\n<div class=\"wp-block-uagb-container uagb-block-771b67e5 alignfull uagb-is-root-container\"><div class=\"uagb-container-inner-blocks-wrap\">\n<div class=\"wp-block-uagb-container uagb-block-64781819\">\n<figure class=\"wp-block-gallery has-nested-images columns-default is-cropped wp-block-gallery-1 is-layout-flex wp-block-gallery-is-layout-flex\">\n<figure class=\"wp-block-image size-full\"><img loading=\"lazy\" decoding=\"async\" width=\"1024\" height=\"576\" data-id=\"643\" src=\"https:\/\/redenacionalfjac.org.br\/wp-content\/uploads\/2024\/06\/galeria-1024x576-1.jpeg\" alt=\"\" class=\"wp-image-643\" srcset=\"https:\/\/redenacionalfjac.org.br\/wp-content\/uploads\/2024\/06\/galeria-1024x576-1.jpeg 1024w, https:\/\/redenacionalfjac.org.br\/wp-content\/uploads\/2024\/06\/galeria-1024x576-1-300x169.jpeg 300w, https:\/\/redenacionalfjac.org.br\/wp-content\/uploads\/2024\/06\/galeria-1024x576-1-768x432.jpeg 768w\" sizes=\"auto, (max-width: 1024px) 100vw, 1024px\" \/><\/figure>\n<\/figure>\n<\/div>\n\n\n\n<div class=\"wp-block-uagb-container uagb-block-fb2ca174\">\n<div class=\"wp-block-uagb-info-box uagb-block-74d84076 uagb-infobox__content-wrap  uagb-infobox-icon-above-title uagb-infobox-image-valign-top\"><div class=\"uagb-ifb-content\"><div class=\"uagb-ifb-title-wrap\"><h3 class=\"uagb-ifb-title\"><br><br><br><strong>Galeria de fotos e v\u00eddeos<\/strong><\/h3><\/div><p class=\"uagb-ifb-desc\">Bem-vindo \u00e0 Galeria da Rede! Aqui, celebramos e documentamos as a\u00e7\u00f5es transformadoras realizadas por nossas entidades. Nossa miss\u00e3o \u00e9 promover mudan\u00e7as positivas e sustent\u00e1veis, com foco em temas cruciais como juventude, \u00e1gua e clima.<br><br>Navegue por nossas cole\u00e7\u00f5es de imagens e veja de perto o impacto significativo de nossos projetos. Cada fotografia e video captura momentos de a\u00e7\u00e3o, colabora\u00e7\u00e3o e inova\u00e7\u00e3o, refletindo nossos esfor\u00e7os para criar um futuro melhor.         <br><br><br><br><br><\/p><\/div><\/div>\n<\/div>\n<\/div><\/div>\n\n\n\n<div class=\"wp-block-uagb-container uagb-block-37d5b6b8\">\n<div class=\"wp-block-uagb-container uagb-block-b226c9c9 alignfull uagb-is-root-container\"><div class=\"uagb-container-inner-blocks-wrap\">\n<div class=\"wp-block-uagb-container uagb-block-1eea030a alignfull uagb-is-root-container\"><div class=\"uagb-container-inner-blocks-wrap\">\n<div class=\"wp-block-uagb-container uagb-block-0efcf474\"><\/div>\n\n\n\n<div class=\"wp-block-uagb-container uagb-block-316050c9\">\n<div class=\"wp-block-uagb-buttons uagb-buttons__outer-wrap uagb-btn__default-btn uagb-btn-tablet__default-btn uagb-btn-mobile__default-btn uagb-block-1ed89048\"><div class=\"uagb-buttons__wrap uagb-buttons-layout-wrap \">\n<div class=\"wp-block-uagb-buttons-child uagb-buttons__outer-wrap uagb-block-9453559f wp-block-button\"><div class=\"uagb-button__wrapper\"><a class=\"uagb-buttons-repeater wp-block-button__link\" aria-label=\"\" href=\"https:\/\/redenacionalfjac.org.br\/?page_id=645\" rel=\"follow noopener\" target=\"_self\" role=\"button\"><div class=\"uagb-button__link\">galeria de fotos<\/div><\/a><\/div><\/div>\n\n\n\n<div class=\"wp-block-uagb-buttons-child uagb-buttons__outer-wrap uagb-block-3e0c33b7 wp-block-button\"><div class=\"uagb-button__wrapper\"><a class=\"uagb-buttons-repeater wp-block-button__link\" aria-label=\"\" href=\"https:\/\/redenacionalfjac.org.br\/?page_id=650\" rel=\"follow noopener\" target=\"_self\" role=\"button\"><div class=\"uagb-button__link\">galeria de v\u00eddeos<\/div><\/a><\/div><\/div>\n<\/div><\/div>\n<\/div>\n<\/div><\/div>\n<\/div><\/div>\n<\/div>\n<\/div><\/div>\n<\/div><\/div>\n","protected":false},"excerpt":{"rendered":"","protected":false},"author":1,"featured_media":0,"parent":0,"menu_order":0,"comment_status":"closed","ping_status":"closed","template":"","meta":{"om_disable_all_campaigns":false,"_uag_custom_page_level_css":"","_monsterinsights_skip_tracking":false,"_monsterinsights_sitenote_active":false,"_monsterinsights_sitenote_note":"","_monsterinsights_sitenote_category":0,"site-sidebar-layout":"default","site-content-layout":"","ast-site-content-layout":"","site-content-style":"default","site-sidebar-style":"default","ast-global-header-display":"","ast-banner-title-visibility":"","ast-main-header-display":"","ast-hfb-above-header-display":"","ast-hfb-below-header-display":"","ast-hfb-mobile-header-display":"","site-post-title":"disabled","ast-breadcrumbs-content":"","ast-featured-img":"","footer-sml-layout":"","theme-transparent-header-meta":"","adv-header-id-meta":"","stick-header-meta":"","header-above-stick-meta":"","header-main-stick-meta":"","header-below-stick-meta":"","astra-migrate-meta-layouts":"default","ast-page-background-enabled":"default","ast-page-background-meta":{"desktop":{"background-color":"var(--ast-global-color-4)","background-image":"","background-repeat":"repeat","background-position":"center center","background-size":"auto","background-attachment":"scroll","background-type":"","background-media":"","overlay-type":"","overlay-color":"","overlay-opacity":"","overlay-gradient":""},"tablet":{"background-color":"","background-image":"","background-repeat":"repeat","background-position":"center center","background-size":"auto","background-attachment":"scroll","background-type":"","background-media":"","overlay-type":"","overlay-color":"","overlay-opacity":"","overlay-gradient":""},"mobile":{"background-color":"","background-image":"","background-repeat":"repeat","background-position":"center center","background-size":"auto","background-attachment":"scroll","background-type":"","background-media":"","overlay-type":"","overlay-color":"","overlay-opacity":"","overlay-gradient":""}},"ast-content-background-meta":{"desktop":{"background-color":"var(--ast-global-color-5)","background-image":"","background-repeat":"repeat","background-position":"center center","background-size":"auto","background-attachment":"scroll","background-type":"","background-media":"","overlay-type":"","overlay-color":"","overlay-opacity":"","overlay-gradient":""},"tablet":{"background-color":"var(--ast-global-color-5)","background-image":"","background-repeat":"repeat","background-position":"center center","background-size":"auto","background-attachment":"scroll","background-type":"","background-media":"","overlay-type":"","overlay-color":"","overlay-opacity":"","overlay-gradient":""},"mobile":{"background-color":"var(--ast-global-color-5)","background-image":"","background-repeat":"repeat","background-position":"center center","background-size":"auto","background-attachment":"scroll","background-type":"","background-media":"","overlay-type":"","overlay-color":"","overlay-opacity":"","overlay-gradient":""}},"footnotes":""},"class_list":["post-451","page","type-page","status-publish","hentry"],"aioseo_notices":[],"uagb_featured_image_src":{"full":false,"thumbnail":false,"medium":false,"medium_large":false,"large":false,"1536x1536":false,"2048x2048":false,"wpt-testimonial-thumbnail-60":false,"wpt-testimonial-thumbnail-80":false,"wpt-testimonial-thumbnail-100":false,"wpt-testimonial-thumbnail-120":false,"wpt-testimonial-thumbnail-140":false,"wpt-testimonial-thumbnail-200":false,"wpt-testimonial-thumbnail-360":false,"wpt-testimonial-thumbnail-390":false,"wpt-testimonial-thumbnail-460":false,"wpt-testimonial-thumbnail-554":false},"uagb_author_info":{"display_name":"admin","author_link":"https:\/\/redenacionalfjac.org.br\/?author=1"},"uagb_comment_info":0,"uagb_excerpt":null,"_links":{"self":[{"href":"https:\/\/redenacionalfjac.org.br\/index.php?rest_route=\/wp\/v2\/pages\/451","targetHints":{"allow":["GET"]}}],"collection":[{"href":"https:\/\/redenacionalfjac.org.br\/index.php?rest_route=\/wp\/v2\/pages"}],"about":[{"href":"https:\/\/redenacionalfjac.org.br\/index.php?rest_route=\/wp\/v2\/types\/page"}],"author":[{"embeddable":true,"href":"https:\/\/redenacionalfjac.org.br\/index.php?rest_route=\/wp\/v2\/users\/1"}],"replies":[{"embeddable":true,"href":"https:\/\/redenacionalfjac.org.br\/index.php?rest_route=%2Fwp%2Fv2%2Fcomments&post=451"}],"version-history":[{"count":0,"href":"https:\/\/redenacionalfjac.org.br\/index.php?rest_route=\/wp\/v2\/pages\/451\/revisions"}],"wp:attachment":[{"href":"https:\/\/redenacionalfjac.org.br\/index.php?rest_route=%2Fwp%2Fv2%2Fmedia&parent=451"}],"curies":[{"name":"wp","href":"https:\/\/api.w.org\/{rel}","templated":true}]}}